{"id":91,"date":"2025-12-21T09:59:49","date_gmt":"2025-12-21T09:59:49","guid":{"rendered":"http:\/\/massagesadeuxmains.fr\/?page_id=91"},"modified":"2025-12-21T10:16:02","modified_gmt":"2025-12-21T10:16:02","slug":"une-seance-de-massage","status":"publish","type":"page","link":"https:\/\/massagesadeuxmains.fr\/?page_id=91","title":{"rendered":"Une s\u00e9ance de massage"},"content":{"rendered":"\n<p>Pour chaque s\u00e9ance, <strong>l&#8217;entretien est ce qui dirigera ma pratique<\/strong>.Vos attentes, vos probl\u00e9matiques, vos sensibilit\u00e9s. Cet entretien de 15 \u00e0 20 min minimum la premi\u00e8re fois peut \u00eatre plus ou moins long par la suite.<\/p>\n\n\n\n<p>Il est tr\u00e8s rare que je vous masse deux fois de la m\u00eame mani\u00e8re . M\u00eame si vous venez pour la m\u00eame chose.<\/p>\n\n\n\n<p>En effet selon les pr\u00e9ceptes de la m\u00e9decine chinoise <strong>c&#8217;est vous \u00e0 l&#8217;instant pr\u00e9sent que je re\u00e7ois<\/strong>, et vous n&#8217;\u00eates jamais exactement la m\u00eame personne, le temps, la saison aussi peuvent \u00eatre diff\u00e9rent.<\/p>\n\n\n\n<p>J&#8217;introduis des techniques de Tuina: technique manuelle, stimulation des m\u00e9ridiens et points d&#8217;acupunctures.<\/p>\n\n\n\n<p><strong>Avec votre accord et si votre \u00e9tat de sant\u00e9 <\/strong>le permet je peux utiliser <strong>des huiles essentielles<\/strong>, pour faire une huile de massage adapt\u00e9e \u00e0 la s\u00e9ance ou pure sur des points d&#8217;acupunctures.<\/p>\n\n\n\n<figure class=\"wp-block-image size-full\"><img loading=\"lazy\" decoding=\"async\" width=\"368\" height=\"256\" src=\"http:\/\/massagesadeuxmains.fr\/wp-content\/uploads\/2025\/12\/pic04-1.jpg\" alt=\"\" class=\"wp-image-108\" srcset=\"https:\/\/massagesadeuxmains.fr\/wp-content\/uploads\/2025\/12\/pic04-1.jpg 368w, https:\/\/massagesadeuxmains.fr\/wp-content\/uploads\/2025\/12\/pic04-1-300x209.jpg 300w\" sizes=\"auto, (max-width: 368px) 100vw, 368px\" \/><\/figure>\n\n\n\n<p>L&#8217;utilisation des points \u00ab&nbsp;trigger&nbsp;\u00bb me permet de d\u00e9nouer les tensions musculaires.<\/p>\n\n\n\n<p><strong>L&#8217;\u00e9nerg\u00e9tique est ma base de travail, vous le sentirez ou pas<\/strong> selon votre sensibilit\u00e9 et le d\u00e9roul\u00e9 de la s\u00e9ance. Le massage est un moment de dialogue entre mes mains et votre corps, il s&#8217;adapte \u00e0 ce que je ressens. Votre ressenti est important vous ne devez pas h\u00e9siter \u00e0 m&#8217;en faire part!<\/p>\n\n\n","protected":false},"excerpt":{"rendered":"<p>Pour chaque s\u00e9ance, l&#8217;entretien est ce qui dirigera ma pratique.Vos attentes, vos probl\u00e9matiques, vos sensibilit\u00e9s. Cet entretien de 15 \u00e0 20 min minimum la premi\u00e8re fois peut \u00eatre plus ou moins long par la suite. Il est tr\u00e8s rare que je vous masse deux fois de la m\u00eame mani\u00e8re . M\u00eame si vous venez pour [&hellip;]<\/p>\n","protected":false},"author":1,"featured_media":0,"parent":0,"menu_order":0,"comment_status":"closed","ping_status":"closed","template":"","meta":{"footnotes":""},"class_list":["post-91","page","type-page","status-publish","hentry"],"_links":{"self":[{"href":"https:\/\/massagesadeuxmains.fr\/index.php?rest_route=\/wp\/v2\/pages\/91","targetHints":{"allow":["GET"]}}],"collection":[{"href":"https:\/\/massagesadeuxmains.fr\/index.php?rest_route=\/wp\/v2\/pages"}],"about":[{"href":"https:\/\/massagesadeuxmains.fr\/index.php?rest_route=\/wp\/v2\/types\/page"}],"author":[{"embeddable":true,"href":"https:\/\/massagesadeuxmains.fr\/index.php?rest_route=\/wp\/v2\/users\/1"}],"replies":[{"embeddable":true,"href":"https:\/\/massagesadeuxmains.fr\/index.php?rest_route=%2Fwp%2Fv2%2Fcomments&post=91"}],"version-history":[{"count":3,"href":"https:\/\/massagesadeuxmains.fr\/index.php?rest_route=\/wp\/v2\/pages\/91\/revisions"}],"predecessor-version":[{"id":110,"href":"https:\/\/massagesadeuxmains.fr\/index.php?rest_route=\/wp\/v2\/pages\/91\/revisions\/110"}],"wp:attachment":[{"href":"https:\/\/massagesadeuxmains.fr\/index.php?rest_route=%2Fwp%2Fv2%2Fmedia&parent=91"}],"curies":[{"name":"wp","href":"https:\/\/api.w.org\/{rel}","templated":true}]}}