{"id":78,"date":"2025-12-21T08:52:04","date_gmt":"2025-12-21T08:52:04","guid":{"rendered":"http:\/\/massagesadeuxmains.fr\/?page_id=78"},"modified":"2025-12-21T12:01:22","modified_gmt":"2025-12-21T12:01:22","slug":"massage-sportif","status":"publish","type":"page","link":"https:\/\/massagesadeuxmains.fr\/?page_id=78","title":{"rendered":"Massage sportif"},"content":{"rendered":"\n<figure class=\"wp-block-image size-full is-resized\"><img loading=\"lazy\" decoding=\"async\" width=\"259\" height=\"194\" src=\"http:\/\/massagesadeuxmains.fr\/wp-content\/uploads\/2025\/12\/Sans-titre.jpg\" alt=\"\" class=\"wp-image-139\" style=\"aspect-ratio:1.3350268594318786;width:349px;height:auto\"\/><\/figure>\n\n\n\n<h2 class=\"wp-block-heading\"><\/h2>\n\n\n\n<p><strong>Le massage sportif utilise des techniques sp\u00e9cifiquement con\u00e7ues<\/strong> pour les personnes actives qui cherchent \u00e0 am\u00e9liorer leurs performances, leur r\u00e9cup\u00e9ration physique et les d\u00e9sagr\u00e9ments li\u00e9s \u00e0 leur activit\u00e9 physique. <\/p>\n\n\n\n<p>Avec des techniques de friction, de p\u00e9trissage, de compression et des \u00e9tirements passifs ,l&#8217;objectif principal du massage sportif est de <strong>r\u00e9duire la tension et l&#8217;inflammation musculaires, de stimuler la circulation sanguine et lymphatique<\/strong> permettant une meilleur \u00e9limination des d\u00e9chets produits pendant l&#8217;effort. <\/p>\n\n\n\n<p>Ainsi le massage sportif peut <strong>r\u00e9duire la fatigue musculaire, am\u00e9liorer la flexibilit\u00e9 et la mobilit\u00e9 des articulations<\/strong>. Pratiqu\u00e9 r\u00e9guli\u00e8rement il peut augmenter l&#8217;endurance,  am\u00e9liorer la r\u00e9cup\u00e9ration apr\u00e8s l&#8217;exercice et aider \u00e0 pr\u00e9venir des complications futures en cas de pratique intensive.<\/p>\n\n\n\n<p>Il peut \u00e9galement \u00eatre utile pour r\u00e9duire un \u00e9tat \u00e9motionnel d\u00e9s\u00e9quilibr\u00e9 associ\u00e9 \u00e0 la comp\u00e9tition et \u00e0 une activit\u00e9 physique intense.<\/p>\n\n\n\n<figure class=\"wp-block-image\"><img decoding=\"async\" src=\"https:\/\/thefixroom.com\/wp-content\/uploads\/2023\/04\/masaje-deportivo-1.jpg\" alt=\"masaje deportivo en fixroom\" class=\"wp-image-835\"\/><\/figure>\n","protected":false},"excerpt":{"rendered":"<p>Le massage sportif utilise des techniques sp\u00e9cifiquement con\u00e7ues pour les personnes actives qui cherchent \u00e0 am\u00e9liorer leurs performances, leur r\u00e9cup\u00e9ration physique et les d\u00e9sagr\u00e9ments li\u00e9s \u00e0 leur activit\u00e9 physique. Avec des techniques de friction, de p\u00e9trissage, de compression et des \u00e9tirements passifs ,l&#8217;objectif principal du massage sportif est de r\u00e9duire la tension et l&#8217;inflammation musculaires, [&hellip;]<\/p>\n","protected":false},"author":1,"featured_media":0,"parent":0,"menu_order":0,"comment_status":"closed","ping_status":"closed","template":"","meta":{"footnotes":""},"class_list":["post-78","page","type-page","status-publish","hentry"],"_links":{"self":[{"href":"https:\/\/massagesadeuxmains.fr\/index.php?rest_route=\/wp\/v2\/pages\/78","targetHints":{"allow":["GET"]}}],"collection":[{"href":"https:\/\/massagesadeuxmains.fr\/index.php?rest_route=\/wp\/v2\/pages"}],"about":[{"href":"https:\/\/massagesadeuxmains.fr\/index.php?rest_route=\/wp\/v2\/types\/page"}],"author":[{"embeddable":true,"href":"https:\/\/massagesadeuxmains.fr\/index.php?rest_route=\/wp\/v2\/users\/1"}],"replies":[{"embeddable":true,"href":"https:\/\/massagesadeuxmains.fr\/index.php?rest_route=%2Fwp%2Fv2%2Fcomments&post=78"}],"version-history":[{"count":2,"href":"https:\/\/massagesadeuxmains.fr\/index.php?rest_route=\/wp\/v2\/pages\/78\/revisions"}],"predecessor-version":[{"id":140,"href":"https:\/\/massagesadeuxmains.fr\/index.php?rest_route=\/wp\/v2\/pages\/78\/revisions\/140"}],"wp:attachment":[{"href":"https:\/\/massagesadeuxmains.fr\/index.php?rest_route=%2Fwp%2Fv2%2Fmedia&parent=78"}],"curies":[{"name":"wp","href":"https:\/\/api.w.org\/{rel}","templated":true}]}}