{"id":7,"date":"2025-04-24T15:01:41","date_gmt":"2025-04-24T15:01:41","guid":{"rendered":"http:\/\/massagesadeuxmains.fr\/?page_id=7"},"modified":"2025-07-05T08:29:34","modified_gmt":"2025-07-05T08:29:34","slug":"ephad","status":"publish","type":"page","link":"https:\/\/massagesadeuxmains.fr\/?page_id=7","title":{"rendered":"Massages en EHPAD"},"content":{"rendered":"\n<div class=\"wp-block-cover\"><img loading=\"lazy\" decoding=\"async\" width=\"1024\" height=\"683\" class=\"wp-block-cover__image-background wp-image-9 size-large\" alt=\"\" src=\"http:\/\/massagesadeuxmains.fr\/wp-content\/uploads\/2025\/04\/imageehpad-1024x683.jpg\" data-object-fit=\"cover\" srcset=\"https:\/\/massagesadeuxmains.fr\/wp-content\/uploads\/2025\/04\/imageehpad-1024x683.jpg 1024w, https:\/\/massagesadeuxmains.fr\/wp-content\/uploads\/2025\/04\/imageehpad-300x200.jpg 300w, https:\/\/massagesadeuxmains.fr\/wp-content\/uploads\/2025\/04\/imageehpad-768x512.jpg 768w, https:\/\/massagesadeuxmains.fr\/wp-content\/uploads\/2025\/04\/imageehpad-1536x1024.jpg 1536w, https:\/\/massagesadeuxmains.fr\/wp-content\/uploads\/2025\/04\/imageehpad-2048x1365.jpg 2048w, https:\/\/massagesadeuxmains.fr\/wp-content\/uploads\/2025\/04\/imageehpad-1568x1045.jpg 1568w\" sizes=\"auto, (max-width: 1024px) 100vw, 1024px\" \/><span aria-hidden=\"true\" class=\"wp-block-cover__background has-background-dim\" style=\"background-color:#836a64\"><\/span><div class=\"wp-block-cover__inner-container is-layout-constrained wp-block-cover-is-layout-constrained\">\n<p class=\"has-text-align-center has-large-font-size\">Massages mieux-\u00eatre en EHPAD<\/p>\n<\/div><\/div>\n\n\n\n<p>En EHPAD, le massage permet de cr\u00e9er un moment d&#8217;\u00e9change quand l\u2019expression verbale n\u2019est plus possible ou simplement affect\u00e9e.<\/p>\n\n\n\n<p><strong>L&#8217;individu est respect\u00e9 dans son rythme et ses limites.<\/strong><\/p>\n\n\n\n<p><strong>C&#8217;est un moment privil\u00e9gi\u00e9 avec soi-m\u00eame qui est propos\u00e9, d\u00e9connect\u00e9 des exigences du quotidien.<\/strong><\/p>\n\n\n\n<p>Le corps qui s&#8217;est transform\u00e9 avec les ann\u00e9es, peut \u00eatre priv\u00e9 de certain sens. Il n&#8217;est plus ce vecteur privil\u00e9gi\u00e9 de plaisir, de d\u00e9tente. Parfois les moments de soins restent l&#8217;unique opportunit\u00e9 de contact physique.<\/p>\n\n\n\n<p>Lors d&#8217;un massage la conscience du corps est augment\u00e9. Il permet de d\u00e9nouer des tensions, en amenant de la chaleur et de l&#8217;\u00e9coute.<\/p>\n\n\n\n<p><strong>Pour qui ?<\/strong><\/p>\n\n\n\n<p>Pour toutes les personnes qui le souhaitent et celles qui ne peuvent l&#8217;exprimer. C&#8217;est donc aussi une demande qui s&#8217;\u00e9labore en concertation avec l&#8217;\u00e9quipe de l&#8217;EHPAD et\/ou la famille.<\/p>\n\n\n\n<p>Les s\u00e9ances de massages s&#8217;adaptent aux besoins sp\u00e9cifiques de la personne qui les re\u00e7oit. Besoins exprim\u00e9s verbalement ou non. En effet comme la douleur qui s&#8217;exprime sans paroles, la d\u00e9tente et la relaxation sont exprim\u00e9s sous diff\u00e9rentes formes et me guident pendant la s\u00e9ance.<\/p>\n\n\n\n<ul class=\"wp-block-list\">\n<li>Pour r\u00e9duire le stress, l\u2019anxi\u00e9t\u00e9, les douleurs.<\/li>\n<\/ul>\n\n\n\n<ul class=\"wp-block-list\">\n<li>Pour le plaisir de la d\u00e9tente et du touch\u00e9.<\/li>\n<\/ul>\n\n\n\n<ul class=\"wp-block-list\">\n<li>Pour les personnes pour qui les soins sembles difficiles \u00e0 vivre dans le but de restaurer un autre contact, une autre relation avec l\u2019ext\u00e9rieur.<\/li>\n<\/ul>\n\n\n\n<ul class=\"wp-block-list\">\n<li>Pour les personnes souffrants de d\u00e9ficit visuel qui, \u00e0 travers le massage peuvent ainsi reprendre conscience de leur corps.<\/li>\n<\/ul>\n\n\n\n<ul class=\"wp-block-list\">\n<li>Pour les personnes dont la mobilit\u00e9 s&#8217;est amoindrie, il permet une stimulation physique qui \u00e9veille les sens et redonne \u00e0 la personne le plaisir de ressentir son corps<\/li>\n<\/ul>\n\n\n\n<p><\/p>\n","protected":false},"excerpt":{"rendered":"<p>En EHPAD, le massage permet de cr\u00e9er un moment d&#8217;\u00e9change quand l\u2019expression verbale n\u2019est plus possible ou simplement affect\u00e9e. L&#8217;individu est respect\u00e9 dans son rythme et ses limites. C&#8217;est un moment privil\u00e9gi\u00e9 avec soi-m\u00eame qui est propos\u00e9, d\u00e9connect\u00e9 des exigences du quotidien. Le corps qui s&#8217;est transform\u00e9 avec les ann\u00e9es, peut \u00eatre priv\u00e9 de certain [&hellip;]<\/p>\n","protected":false},"author":1,"featured_media":0,"parent":0,"menu_order":0,"comment_status":"closed","ping_status":"closed","template":"","meta":{"footnotes":""},"class_list":["post-7","page","type-page","status-publish","hentry"],"_links":{"self":[{"href":"https:\/\/massagesadeuxmains.fr\/index.php?rest_route=\/wp\/v2\/pages\/7","targetHints":{"allow":["GET"]}}],"collection":[{"href":"https:\/\/massagesadeuxmains.fr\/index.php?rest_route=\/wp\/v2\/pages"}],"about":[{"href":"https:\/\/massagesadeuxmains.fr\/index.php?rest_route=\/wp\/v2\/types\/page"}],"author":[{"embeddable":true,"href":"https:\/\/massagesadeuxmains.fr\/index.php?rest_route=\/wp\/v2\/users\/1"}],"replies":[{"embeddable":true,"href":"https:\/\/massagesadeuxmains.fr\/index.php?rest_route=%2Fwp%2Fv2%2Fcomments&post=7"}],"version-history":[{"count":7,"href":"https:\/\/massagesadeuxmains.fr\/index.php?rest_route=\/wp\/v2\/pages\/7\/revisions"}],"predecessor-version":[{"id":63,"href":"https:\/\/massagesadeuxmains.fr\/index.php?rest_route=\/wp\/v2\/pages\/7\/revisions\/63"}],"wp:attachment":[{"href":"https:\/\/massagesadeuxmains.fr\/index.php?rest_route=%2Fwp%2Fv2%2Fmedia&parent=7"}],"curies":[{"name":"wp","href":"https:\/\/api.w.org\/{rel}","templated":true}]}}