{"id":43,"date":"2025-04-24T15:34:33","date_gmt":"2025-04-24T15:34:33","guid":{"rendered":"http:\/\/massagesadeuxmains.fr\/?page_id=43"},"modified":"2025-12-21T09:39:53","modified_gmt":"2025-12-21T09:39:53","slug":"reiki","status":"publish","type":"page","link":"https:\/\/massagesadeuxmains.fr\/?page_id=43","title":{"rendered":"Reiki"},"content":{"rendered":"\n<figure class=\"wp-block-image size-full is-resized\"><img loading=\"lazy\" decoding=\"async\" width=\"368\" height=\"256\" src=\"http:\/\/massagesadeuxmains.fr\/wp-content\/uploads\/2025\/12\/pic03.jpg\" alt=\"\" class=\"wp-image-83\" style=\"width:780px;height:auto\" srcset=\"https:\/\/massagesadeuxmains.fr\/wp-content\/uploads\/2025\/12\/pic03.jpg 368w, https:\/\/massagesadeuxmains.fr\/wp-content\/uploads\/2025\/12\/pic03-300x209.jpg 300w\" sizes=\"auto, (max-width: 368px) 100vw, 368px\" \/><\/figure>\n\n\n\n<p class=\"has-text-align-center\"><strong>Le Reiki c&#8217;est quoi?: <kbd>L\u2019\u00c9nergie de l'Esprit ou \u00c9nergie Universelle<\/kbd><\/strong><\/p>\n\n\n\n<p>Fond\u00e9 par Mikao Usui ma\u00eetre japonais de m\u00e9ditation en 1922.<\/p>\n\n\n\n<p>M\u00e9thode holistique qui passe par un <strong>toucher m\u00e9ditatif<\/strong> . Elle permet d&#8217;agir sur <strong>le corps et l&#8217;esprit<\/strong> en y d\u00e9nouant les tensions.<\/p>\n\n\n\n<p>Le praticien n&#8217;effectue aucun transfert d&#8217;\u00e9nergie, il est un canal entre la personne trait\u00e9 et l\u2019\u00e9nergie universelle qu&#8217;il transmet. Le Reiki est une m\u00e9thode non intrusive <strong>qui n&#8217;est pas li\u00e9e \u00e0 des croyances personnelles.<\/strong><\/p>\n\n\n\n<p>Le Reiki se base sur le postulat \u00ab<strong>tout est \u00e9nergie<\/strong>\u00bb, consid\u00e9rant qu&#8217;un champ subtil , \u00e9nerg\u00e9tique soutient tout l&#8217;univers. Cette \u00e9nergie fait \u00e9galement le lien entre le corps et l&#8217;esprit.<\/p>\n\n\n\n<p><\/p>\n","protected":false},"excerpt":{"rendered":"<p>Le Reiki c&#8217;est quoi?: L\u2019\u00c9nergie de l&#8217;Esprit ou \u00c9nergie Universelle Fond\u00e9 par Mikao Usui ma\u00eetre japonais de m\u00e9ditation en 1922. M\u00e9thode holistique qui passe par un toucher m\u00e9ditatif . Elle permet d&#8217;agir sur le corps et l&#8217;esprit en y d\u00e9nouant les tensions. Le praticien n&#8217;effectue aucun transfert d&#8217;\u00e9nergie, il est un canal entre la personne [&hellip;]<\/p>\n","protected":false},"author":1,"featured_media":0,"parent":0,"menu_order":0,"comment_status":"closed","ping_status":"closed","template":"","meta":{"footnotes":""},"class_list":["post-43","page","type-page","status-publish","hentry"],"_links":{"self":[{"href":"https:\/\/massagesadeuxmains.fr\/index.php?rest_route=\/wp\/v2\/pages\/43","targetHints":{"allow":["GET"]}}],"collection":[{"href":"https:\/\/massagesadeuxmains.fr\/index.php?rest_route=\/wp\/v2\/pages"}],"about":[{"href":"https:\/\/massagesadeuxmains.fr\/index.php?rest_route=\/wp\/v2\/types\/page"}],"author":[{"embeddable":true,"href":"https:\/\/massagesadeuxmains.fr\/index.php?rest_route=\/wp\/v2\/users\/1"}],"replies":[{"embeddable":true,"href":"https:\/\/massagesadeuxmains.fr\/index.php?rest_route=%2Fwp%2Fv2%2Fcomments&post=43"}],"version-history":[{"count":3,"href":"https:\/\/massagesadeuxmains.fr\/index.php?rest_route=\/wp\/v2\/pages\/43\/revisions"}],"predecessor-version":[{"id":84,"href":"https:\/\/massagesadeuxmains.fr\/index.php?rest_route=\/wp\/v2\/pages\/43\/revisions\/84"}],"wp:attachment":[{"href":"https:\/\/massagesadeuxmains.fr\/index.php?rest_route=%2Fwp%2Fv2%2Fmedia&parent=43"}],"curies":[{"name":"wp","href":"https:\/\/api.w.org\/{rel}","templated":true}]}}