{"id":36,"date":"2025-04-24T15:26:46","date_gmt":"2025-04-24T15:26:46","guid":{"rendered":"http:\/\/massagesadeuxmains.fr\/?page_id=36"},"modified":"2025-12-21T09:55:53","modified_gmt":"2025-12-21T09:55:53","slug":"contact","status":"publish","type":"page","link":"https:\/\/massagesadeuxmains.fr\/?page_id=36","title":{"rendered":"Contact"},"content":{"rendered":"\n<p>Rendez-vous au cabinet situ\u00e9 \u00e0 Saint-Victor-de-Morestel 121 Grande rue du Bourg<\/p>\n\n\n\n<p>S\u00e9ance d&#8217;une heure, pr\u00e9voir une heure et quart pour la premi\u00e8re s\u00e9ance.<\/p>\n\n\n\n<p>Tarifs&nbsp;: 65 euros la s\u00e9ance.<\/p>\n\n\n\n<p>Pour prendre rendez-vous, cliquez&nbsp;<a href=\"https:\/\/calendly.com\/massagesadeuxmains\/rdv\">ici<\/a>.<\/p>\n\n\n\n<p>Je me d\u00e9place \u00e9galement \u00e0 domicile, pour cela merci d&#8217;utiliser le formulaire de contact.<\/p>\n\n\n\n<p>N&#8217;h\u00e9sitez pas \u00e0 demander un Bon Cadeau. Offrez le temps d&#8217;un massage, une pause, une bulle de d\u00e9tente personnalis\u00e9e.<\/p>\n\n\n\n<div class=\"wp-block-contact-form-7-contact-form-selector\">\n<div class=\"wpcf7 no-js\" id=\"wpcf7-f38-o1\" lang=\"en-US\" dir=\"ltr\" data-wpcf7-id=\"38\">\n<div class=\"screen-reader-response\"><p role=\"status\" aria-live=\"polite\" aria-atomic=\"true\"><\/p> <ul><\/ul><\/div>\n<form action=\"\/index.php?rest_route=%2Fwp%2Fv2%2Fpages%2F36#wpcf7-f38-o1\" method=\"post\" class=\"wpcf7-form init\" aria-label=\"Contact form\" novalidate=\"novalidate\" data-status=\"init\">\n<fieldset class=\"hidden-fields-container\"><input type=\"hidden\" name=\"_wpcf7\" value=\"38\" \/><input type=\"hidden\" name=\"_wpcf7_version\" value=\"6.1.5\" \/><input type=\"hidden\" name=\"_wpcf7_locale\" value=\"en_US\" \/><input type=\"hidden\" name=\"_wpcf7_unit_tag\" value=\"wpcf7-f38-o1\" \/><input type=\"hidden\" name=\"_wpcf7_container_post\" value=\"0\" \/><input type=\"hidden\" name=\"_wpcf7_posted_data_hash\" value=\"\" \/>\n<\/fieldset>\n<p><label> Nom<br \/>\n<span class=\"wpcf7-form-control-wrap\" data-name=\"your-name\"><input size=\"40\" maxlength=\"400\" class=\"wpcf7-form-control wpcf7-text wpcf7-validates-as-required\" autocomplete=\"name\" aria-required=\"true\" aria-invalid=\"false\" value=\"\" type=\"text\" name=\"your-name\" \/><\/span> <\/label>\n<\/p>\n<p><label> Email<br \/>\n<span class=\"wpcf7-form-control-wrap\" data-name=\"your-email\"><input size=\"40\" maxlength=\"400\" class=\"wpcf7-form-control wpcf7-email wpcf7-validates-as-required wpcf7-text wpcf7-validates-as-email\" autocomplete=\"email\" aria-required=\"true\" aria-invalid=\"false\" value=\"\" type=\"email\" name=\"your-email\" \/><\/span> <\/label>\n<\/p>\n<p><label> Objet<br \/>\n<span class=\"wpcf7-form-control-wrap\" data-name=\"your-subject\"><input size=\"40\" maxlength=\"400\" class=\"wpcf7-form-control wpcf7-text wpcf7-validates-as-required\" aria-required=\"true\" aria-invalid=\"false\" value=\"\" type=\"text\" name=\"your-subject\" \/><\/span> <\/label>\n<\/p>\n<p><label> Votre message<br \/>\n<span class=\"wpcf7-form-control-wrap\" data-name=\"your-message\"><textarea cols=\"40\" rows=\"10\" maxlength=\"2000\" class=\"wpcf7-form-control wpcf7-textarea wpcf7-validates-as-required\" aria-required=\"true\" aria-invalid=\"false\" name=\"your-message\"><\/textarea><\/span> <\/label>\n<\/p>\n<p><input class=\"wpcf7-form-control wpcf7-submit has-spinner\" type=\"submit\" value=\"Submit\" \/>\n<\/p><p style=\"display: none !important;\" class=\"akismet-fields-container\" data-prefix=\"_wpcf7_ak_\"><label>&#916;<textarea name=\"_wpcf7_ak_hp_textarea\" cols=\"45\" rows=\"8\" maxlength=\"100\"><\/textarea><\/label><input type=\"hidden\" id=\"ak_js_1\" name=\"_wpcf7_ak_js\" value=\"243\"\/><script>document.getElementById( \"ak_js_1\" ).setAttribute( \"value\", ( new Date() ).getTime() );<\/script><\/p><div class=\"wpcf7-response-output\" aria-hidden=\"true\"><\/div>\n<\/form>\n<\/div>\n<\/div>\n","protected":false},"excerpt":{"rendered":"<p>Rendez-vous au cabinet situ\u00e9 \u00e0 Saint-Victor-de-Morestel 121 Grande rue du Bourg S\u00e9ance d&#8217;une heure, pr\u00e9voir une heure et quart pour la premi\u00e8re s\u00e9ance. Tarifs&nbsp;: 65 euros la s\u00e9ance. Pour prendre rendez-vous, cliquez&nbsp;ici. Je me d\u00e9place \u00e9galement \u00e0 domicile, pour cela merci d&#8217;utiliser le formulaire de contact. N&#8217;h\u00e9sitez pas \u00e0 demander un Bon Cadeau. Offrez le [&hellip;]<\/p>\n","protected":false},"author":1,"featured_media":0,"parent":0,"menu_order":0,"comment_status":"closed","ping_status":"closed","template":"","meta":{"footnotes":""},"class_list":["post-36","page","type-page","status-publish","hentry"],"_links":{"self":[{"href":"https:\/\/massagesadeuxmains.fr\/index.php?rest_route=\/wp\/v2\/pages\/36","targetHints":{"allow":["GET"]}}],"collection":[{"href":"https:\/\/massagesadeuxmains.fr\/index.php?rest_route=\/wp\/v2\/pages"}],"about":[{"href":"https:\/\/massagesadeuxmains.fr\/index.php?rest_route=\/wp\/v2\/types\/page"}],"author":[{"embeddable":true,"href":"https:\/\/massagesadeuxmains.fr\/index.php?rest_route=\/wp\/v2\/users\/1"}],"replies":[{"embeddable":true,"href":"https:\/\/massagesadeuxmains.fr\/index.php?rest_route=%2Fwp%2Fv2%2Fcomments&post=36"}],"version-history":[{"count":7,"href":"https:\/\/massagesadeuxmains.fr\/index.php?rest_route=\/wp\/v2\/pages\/36\/revisions"}],"predecessor-version":[{"id":90,"href":"https:\/\/massagesadeuxmains.fr\/index.php?rest_route=\/wp\/v2\/pages\/36\/revisions\/90"}],"wp:attachment":[{"href":"https:\/\/massagesadeuxmains.fr\/index.php?rest_route=%2Fwp%2Fv2%2Fmedia&parent=36"}],"curies":[{"name":"wp","href":"https:\/\/api.w.org\/{rel}","templated":true}]}}