{"id":21,"date":"2025-04-24T15:16:56","date_gmt":"2025-04-24T15:16:56","guid":{"rendered":"http:\/\/massagesadeuxmains.fr\/?page_id=21"},"modified":"2026-02-24T19:40:02","modified_gmt":"2026-02-24T19:40:02","slug":"21-2","status":"publish","type":"page","link":"https:\/\/massagesadeuxmains.fr\/","title":{"rendered":""},"content":{"rendered":"\n<div class=\"wp-block-cover alignfull\"><img loading=\"lazy\" decoding=\"async\" width=\"1024\" height=\"664\" class=\"wp-block-cover__image-background wp-image-8\" alt=\"\" src=\"http:\/\/massagesadeuxmains.fr\/wp-content\/uploads\/2025\/04\/header-1024x664.jpg\" data-object-fit=\"cover\" srcset=\"https:\/\/massagesadeuxmains.fr\/wp-content\/uploads\/2025\/04\/header-1024x664.jpg 1024w, https:\/\/massagesadeuxmains.fr\/wp-content\/uploads\/2025\/04\/header-300x195.jpg 300w, https:\/\/massagesadeuxmains.fr\/wp-content\/uploads\/2025\/04\/header-768x498.jpg 768w, https:\/\/massagesadeuxmains.fr\/wp-content\/uploads\/2025\/04\/header-1536x996.jpg 1536w, https:\/\/massagesadeuxmains.fr\/wp-content\/uploads\/2025\/04\/header-1568x1017.jpg 1568w, https:\/\/massagesadeuxmains.fr\/wp-content\/uploads\/2025\/04\/header.jpg 2000w\" sizes=\"auto, (max-width: 1024px) 100vw, 1024px\" \/><span aria-hidden=\"true\" class=\"wp-block-cover__background has-background-dim\"><\/span><div class=\"wp-block-cover__inner-container is-layout-flow wp-block-cover-is-layout-flow\">\n<p class=\"has-text-align-center has-large-font-size\">Se faire masser c&#8217;est s&#8217;accorder un moment pour soi, se reconnecter \u00e0 ses ressentis et repartir avec une conscience aiguis\u00e9e et apais\u00e9e de soi m\u00eame.<\/p>\n<\/div><\/div>\n\n\n\n<p class=\"has-text-align-center has-large-font-size\">D\u00e9couvrez les bienfaits du massage personnalis\u00e9 avec L\u00e9a Jacquin.<\/p>\n\n\n\n<p class=\"has-text-align-center has-large-font-size\">S\u00e9ances en cabinet \u00e0 Saint-Victor-de-Morestel ou \u00e0 domicile.<\/p>\n\n\n\n<p><\/p>\n","protected":false},"excerpt":{"rendered":"<p>D\u00e9couvrez les bienfaits du massage personnalis\u00e9 avec L\u00e9a Jacquin. S\u00e9ances en cabinet \u00e0 Saint-Victor-de-Morestel ou \u00e0 domicile.<\/p>\n","protected":false},"author":1,"featured_media":0,"parent":0,"menu_order":0,"comment_status":"closed","ping_status":"closed","template":"","meta":{"footnotes":""},"class_list":["post-21","page","type-page","status-publish","hentry"],"_links":{"self":[{"href":"https:\/\/massagesadeuxmains.fr\/index.php?rest_route=\/wp\/v2\/pages\/21","targetHints":{"allow":["GET"]}}],"collection":[{"href":"https:\/\/massagesadeuxmains.fr\/index.php?rest_route=\/wp\/v2\/pages"}],"about":[{"href":"https:\/\/massagesadeuxmains.fr\/index.php?rest_route=\/wp\/v2\/types\/page"}],"author":[{"embeddable":true,"href":"https:\/\/massagesadeuxmains.fr\/index.php?rest_route=\/wp\/v2\/users\/1"}],"replies":[{"embeddable":true,"href":"https:\/\/massagesadeuxmains.fr\/index.php?rest_route=%2Fwp%2Fv2%2Fcomments&post=21"}],"version-history":[{"count":14,"href":"https:\/\/massagesadeuxmains.fr\/index.php?rest_route=\/wp\/v2\/pages\/21\/revisions"}],"predecessor-version":[{"id":150,"href":"https:\/\/massagesadeuxmains.fr\/index.php?rest_route=\/wp\/v2\/pages\/21\/revisions\/150"}],"wp:attachment":[{"href":"https:\/\/massagesadeuxmains.fr\/index.php?rest_route=%2Fwp%2Fv2%2Fmedia&parent=21"}],"curies":[{"name":"wp","href":"https:\/\/api.w.org\/{rel}","templated":true}]}}