{"id":2,"date":"2025-04-24T14:51:51","date_gmt":"2025-04-24T14:51:51","guid":{"rendered":"http:\/\/massagesadeuxmains.fr\/?page_id=2"},"modified":"2025-12-21T12:21:38","modified_gmt":"2025-12-21T12:21:38","slug":"sample-page","status":"publish","type":"page","link":"https:\/\/massagesadeuxmains.fr\/?page_id=2","title":{"rendered":"Qui suis-je ?"},"content":{"rendered":"\n<div class=\"wp-block-group is-vertical is-layout-flex wp-container-core-group-is-layout-f60545a1 wp-block-group-is-layout-flex\" style=\"padding-top:2em;padding-right:2em;padding-bottom:2em;padding-left:2em\">\n<p>Je m&#8217;appelle L\u00e9a Jacquin, je suis passionn\u00e9e de massage depuis toujours et me suis form\u00e9e au Reiki d\u00e8s l&#8217;\u00e2ge de 16 ans.<\/p>\n\n\n\n<figure class=\"wp-block-image size-large\"><img loading=\"lazy\" decoding=\"async\" width=\"1024\" height=\"576\" src=\"http:\/\/massagesadeuxmains.fr\/wp-content\/uploads\/2025\/12\/IMG_20250613_0935171-1024x576.jpg\" alt=\"\" class=\"wp-image-146\" srcset=\"https:\/\/massagesadeuxmains.fr\/wp-content\/uploads\/2025\/12\/IMG_20250613_0935171-1024x576.jpg 1024w, https:\/\/massagesadeuxmains.fr\/wp-content\/uploads\/2025\/12\/IMG_20250613_0935171-300x169.jpg 300w, https:\/\/massagesadeuxmains.fr\/wp-content\/uploads\/2025\/12\/IMG_20250613_0935171-768x432.jpg 768w, https:\/\/massagesadeuxmains.fr\/wp-content\/uploads\/2025\/12\/IMG_20250613_0935171.jpg 1280w\" sizes=\"auto, (max-width: 1024px) 100vw, 1024px\" \/><\/figure>\n\n\n\n<p>Dipl\u00f4me d&#8217;infirmi\u00e8re obtenu en 2008, j&#8217;ai d\u00e9marr\u00e9 mes \u00e9tudes de MTC et me suis dipl\u00f4m\u00e9e au sein de la Facult\u00e9 Libre d&#8217;Energ\u00e9tique Traditionnelle Chinoise de Lyon trois ans plus tard.<\/p>\n\n\n\n<p>J&#8217;ai poursuivi ma formation en Reiki et pratique \u00e9nerg\u00e9tique obtenant le niveau de Ma\u00eetre Reiki.<br>J&#8217;ai \u00e9galement continu\u00e9 les apprentissages informels \u00e0 travers mes lectures et  rencontres : Tuina, huiles essentielles en m\u00e9decine chinoise&#8230;<\/p>\n\n\n\n<p>Aupr\u00e8s de la Colibry Academie de Lyon j&#8217;ai acquis les techniques sp\u00e9cifiques me permettant d&#8217;accompagner les sportifs.<\/p>\n\n\n\n<p>J&#8217;ai \u00e9galement suivis plusieurs formations pour vous accompagner dans la d\u00e9tente et la conscience de votre corps.<\/p>\n\n\n\n<p>J&#8217;ai \u00e0 coeur de proposer plusieurs techniques afin de r\u00e9pondre au mieux aux besoins et sp\u00e9cificit\u00e9s de chaque personne qui vient me voir. C&#8217;est pourquoi je continue de me former.<\/p>\n<\/div>\n","protected":false},"excerpt":{"rendered":"<p>Je m&#8217;appelle L\u00e9a Jacquin, je suis passionn\u00e9e de massage depuis toujours et me suis form\u00e9e au Reiki d\u00e8s l&#8217;\u00e2ge de 16 ans. Dipl\u00f4me d&#8217;infirmi\u00e8re obtenu en 2008, j&#8217;ai d\u00e9marr\u00e9 mes \u00e9tudes de MTC et me suis dipl\u00f4m\u00e9e au sein de la Facult\u00e9 Libre d&#8217;Energ\u00e9tique Traditionnelle Chinoise de Lyon trois ans plus tard. J&#8217;ai poursuivi ma [&hellip;]<\/p>\n","protected":false},"author":1,"featured_media":0,"parent":0,"menu_order":0,"comment_status":"closed","ping_status":"open","template":"","meta":{"footnotes":""},"class_list":["post-2","page","type-page","status-publish","hentry"],"_links":{"self":[{"href":"https:\/\/massagesadeuxmains.fr\/index.php?rest_route=\/wp\/v2\/pages\/2","targetHints":{"allow":["GET"]}}],"collection":[{"href":"https:\/\/massagesadeuxmains.fr\/index.php?rest_route=\/wp\/v2\/pages"}],"about":[{"href":"https:\/\/massagesadeuxmains.fr\/index.php?rest_route=\/wp\/v2\/types\/page"}],"author":[{"embeddable":true,"href":"https:\/\/massagesadeuxmains.fr\/index.php?rest_route=\/wp\/v2\/users\/1"}],"replies":[{"embeddable":true,"href":"https:\/\/massagesadeuxmains.fr\/index.php?rest_route=%2Fwp%2Fv2%2Fcomments&post=2"}],"version-history":[{"count":10,"href":"https:\/\/massagesadeuxmains.fr\/index.php?rest_route=\/wp\/v2\/pages\/2\/revisions"}],"predecessor-version":[{"id":147,"href":"https:\/\/massagesadeuxmains.fr\/index.php?rest_route=\/wp\/v2\/pages\/2\/revisions\/147"}],"wp:attachment":[{"href":"https:\/\/massagesadeuxmains.fr\/index.php?rest_route=%2Fwp%2Fv2%2Fmedia&parent=2"}],"curies":[{"name":"wp","href":"https:\/\/api.w.org\/{rel}","templated":true}]}}