{"id":111,"date":"2025-12-21T10:20:39","date_gmt":"2025-12-21T10:20:39","guid":{"rendered":"http:\/\/massagesadeuxmains.fr\/?page_id=111"},"modified":"2025-12-21T11:41:21","modified_gmt":"2025-12-21T11:41:21","slug":"lenergetique-traditionnelle-chinoise","status":"publish","type":"page","link":"https:\/\/massagesadeuxmains.fr\/?page_id=111","title":{"rendered":"L&#8217;Energ\u00e9tique Traditionnelle Chinoise"},"content":{"rendered":"\n<p>(ou M\u00e9decine Traditionnelle Chinoise)<\/p>\n\n\n\n<p>Pratique vieille de plusieurs milliers d&#8217;ann\u00e9es elle est toujours enseign\u00e9e et utilis\u00e9e en Chine au c\u00f4t\u00e9 de la m\u00e9decine occidentale.<\/p>\n\n\n\n<p>Elle se base sur la pr\u00e9vention. Ne pas laisser les d\u00e9s\u00e9quilibres s&#8217;installer mais agir en amont en donnant du sens aux premiers signes de d\u00e9s\u00e9quilibre.<\/p>\n\n\n\n<figure class=\"wp-block-image size-full\"><img loading=\"lazy\" decoding=\"async\" width=\"2560\" height=\"1463\" src=\"http:\/\/massagesadeuxmains.fr\/wp-content\/uploads\/2025\/12\/calligraphie-scaled.jpg\" alt=\"\" class=\"wp-image-130\" srcset=\"https:\/\/massagesadeuxmains.fr\/wp-content\/uploads\/2025\/12\/calligraphie-scaled.jpg 2560w, https:\/\/massagesadeuxmains.fr\/wp-content\/uploads\/2025\/12\/calligraphie-300x171.jpg 300w, https:\/\/massagesadeuxmains.fr\/wp-content\/uploads\/2025\/12\/calligraphie-1024x585.jpg 1024w, https:\/\/massagesadeuxmains.fr\/wp-content\/uploads\/2025\/12\/calligraphie-768x439.jpg 768w, https:\/\/massagesadeuxmains.fr\/wp-content\/uploads\/2025\/12\/calligraphie-1536x878.jpg 1536w, https:\/\/massagesadeuxmains.fr\/wp-content\/uploads\/2025\/12\/calligraphie-2048x1170.jpg 2048w\" sizes=\"auto, (max-width: 2560px) 100vw, 2560px\" \/><\/figure>\n\n\n\n<p>Sa pratique se d\u00e9veloppe autour de quatre techniques:<\/p>\n\n\n\n<ul class=\"wp-block-list\">\n<li><strong>l&#8217;alimentation<\/strong>, le premier pilier de la sant\u00e9<\/li>\n\n\n\n<li><strong>le massage<\/strong> Tuina qui utilise les points d&#8217;acupunctures <\/li>\n\n\n\n<li><strong>l&#8217;acupuncture<\/strong><\/li>\n\n\n\n<li><strong>la pharmacop\u00e9e<\/strong>, utilisation de plantes m\u00e9dicinales chinoise<\/li>\n<\/ul>\n\n\n\n<p>\u00a0Elle repose sur des principes fondamentaux:<\/p>\n\n\n\n<ul class=\"wp-block-list\">\n<li>le corps est une repr\u00e9sentation r\u00e9duite de l&#8217;univers ainsi la sant\u00e9 d&#8217;une personne d\u00e9pend \u00a0de son harmonie int\u00e9rieure et de son harmonie avec son environnement ext\u00e9rieur. Ainsi , esprit , \u00e9motions, corps et environnement forment un syst\u00e8me unique.<\/li>\n<\/ul>\n\n\n\n<p><\/p>\n\n\n\n<ul class=\"wp-block-list\">\n<li>le QI circule dans notre corps \u00e0 travers le syst\u00e8me des m\u00e9ridiens, il soutient tant les fonctions du corps que de l&#8217;esprit.Les m\u00e9ridiens forment un r\u00e9seau immat\u00e9riel mais pr\u00e9cis sur lequel se trouvent les points d\u2019acupuncture.<\/li>\n<\/ul>\n\n\n\n<figure class=\"wp-block-image size-large is-resized\"><img loading=\"lazy\" decoding=\"async\" width=\"682\" height=\"1024\" src=\"http:\/\/massagesadeuxmains.fr\/wp-content\/uploads\/2025\/12\/imagemtc-682x1024.jpg\" alt=\"\" class=\"wp-image-132\" style=\"aspect-ratio:0.6660126366644347;width:312px;height:auto\" srcset=\"https:\/\/massagesadeuxmains.fr\/wp-content\/uploads\/2025\/12\/imagemtc-682x1024.jpg 682w, https:\/\/massagesadeuxmains.fr\/wp-content\/uploads\/2025\/12\/imagemtc-200x300.jpg 200w, https:\/\/massagesadeuxmains.fr\/wp-content\/uploads\/2025\/12\/imagemtc-768x1152.jpg 768w, https:\/\/massagesadeuxmains.fr\/wp-content\/uploads\/2025\/12\/imagemtc.jpg 853w\" sizes=\"auto, (max-width: 682px) 100vw, 682px\" \/><\/figure>\n\n\n\n<ul class=\"wp-block-list\">\n<li>le Yin et le Yang repr\u00e9sentent la dualit\u00e9 et l&#8217;\u00e9quilibre en toute chose . Constamment en mouvement ce sont deux forces oppos\u00e9es, compl\u00e9mentaires et interd\u00e9pendantes&nbsp;: jour\/nuit , vide\/plein,chaud \/froid&#8230;<\/li>\n<\/ul>\n\n\n\n<figure class=\"wp-block-image size-large\"><img loading=\"lazy\" decoding=\"async\" width=\"1024\" height=\"683\" src=\"http:\/\/massagesadeuxmains.fr\/wp-content\/uploads\/2025\/12\/vecteezy_yin-yang-symbol-painted-in-black-and-white-on-white-background_47945593-1024x683.jpg\" alt=\"\" class=\"wp-image-134\" style=\"aspect-ratio:1.5001406610773058\" srcset=\"https:\/\/massagesadeuxmains.fr\/wp-content\/uploads\/2025\/12\/vecteezy_yin-yang-symbol-painted-in-black-and-white-on-white-background_47945593-1024x683.jpg 1024w, https:\/\/massagesadeuxmains.fr\/wp-content\/uploads\/2025\/12\/vecteezy_yin-yang-symbol-painted-in-black-and-white-on-white-background_47945593-300x200.jpg 300w, https:\/\/massagesadeuxmains.fr\/wp-content\/uploads\/2025\/12\/vecteezy_yin-yang-symbol-painted-in-black-and-white-on-white-background_47945593-768x512.jpg 768w, https:\/\/massagesadeuxmains.fr\/wp-content\/uploads\/2025\/12\/vecteezy_yin-yang-symbol-painted-in-black-and-white-on-white-background_47945593-1536x1024.jpg 1536w, https:\/\/massagesadeuxmains.fr\/wp-content\/uploads\/2025\/12\/vecteezy_yin-yang-symbol-painted-in-black-and-white-on-white-background_47945593-2048x1365.jpg 2048w\" sizes=\"auto, (max-width: 1024px) 100vw, 1024px\" \/><\/figure>\n\n\n\n<ul class=\"wp-block-list\">\n<li>les 5 \u00e9l\u00e9ments , li\u00e9s aux 5 organes primordiaux ainsi qu&#8217;aux 5 Emotions\u00a0:\n<ul class=\"wp-block-list\">\n<li>bois\/foie\/col\u00e8re\u00a0\u00a0<\/li>\n\n\n\n<li>feu\/coeur\/joie\u00a0<\/li>\n\n\n\n<li>terre\/rate\/soucis-reflexions  <\/li>\n\n\n\n<li>m\u00e9tal\/poumon \/tristesse<\/li>\n\n\n\n<li>eau \/rein \/peur\u00a0 <\/li>\n<\/ul>\n<\/li>\n<\/ul>\n\n\n\n<div class=\"wp-block-columns is-layout-flex wp-container-core-columns-is-layout-28f84493 wp-block-columns-is-layout-flex\">\n<div class=\"wp-block-column is-layout-flow wp-block-column-is-layout-flow\" style=\"flex-basis:100%\">\n<figure class=\"wp-block-image size-full\"><img loading=\"lazy\" decoding=\"async\" width=\"1000\" height=\"500\" src=\"http:\/\/massagesadeuxmains.fr\/wp-content\/uploads\/2025\/12\/AdobeStock_850270683_Preview.jpeg\" alt=\"\" class=\"wp-image-136\" srcset=\"https:\/\/massagesadeuxmains.fr\/wp-content\/uploads\/2025\/12\/AdobeStock_850270683_Preview.jpeg 1000w, https:\/\/massagesadeuxmains.fr\/wp-content\/uploads\/2025\/12\/AdobeStock_850270683_Preview-300x150.jpeg 300w, https:\/\/massagesadeuxmains.fr\/wp-content\/uploads\/2025\/12\/AdobeStock_850270683_Preview-768x384.jpeg 768w\" sizes=\"auto, (max-width: 1000px) 100vw, 1000px\" \/><\/figure>\n<\/div>\n<\/div>\n\n\n\n<p>C&#8217;est donc une pratique compl\u00e8te et complexe qui permet de traiter de mani\u00e8re personnalis\u00e9 les d\u00e9s\u00e9quilibres. En effet nous sommes tous diff\u00e9rents et nous poss\u00e9dons tous nos propres forces r\u00e9g\u00e9n\u00e9ratrices ainsi que nos sensibilit\u00e9s et faiblesses. Pour retrouver et conserver son \u00e9quilibre int\u00e9rieur il faut prendre en compte l\u2019individualit\u00e9 dans son ensemble ainsi que son environnement imm\u00e9diat .<\/p>\n\n\n\n<p><strong>J&#8217;utilise les principes de la m\u00e9decine chinoise et des techniques de Tuina mais par choix  je ne pratique ni l\u2019acupuncture ni la pharmacop\u00e9e.<\/strong><\/p>\n","protected":false},"excerpt":{"rendered":"<p>(ou M\u00e9decine Traditionnelle Chinoise) Pratique vieille de plusieurs milliers d&#8217;ann\u00e9es elle est toujours enseign\u00e9e et utilis\u00e9e en Chine au c\u00f4t\u00e9 de la m\u00e9decine occidentale. Elle se base sur la pr\u00e9vention. Ne pas laisser les d\u00e9s\u00e9quilibres s&#8217;installer mais agir en amont en donnant du sens aux premiers signes de d\u00e9s\u00e9quilibre. Sa pratique se d\u00e9veloppe autour de [&hellip;]<\/p>\n","protected":false},"author":1,"featured_media":0,"parent":0,"menu_order":0,"comment_status":"closed","ping_status":"closed","template":"","meta":{"footnotes":""},"class_list":["post-111","page","type-page","status-publish","hentry"],"_links":{"self":[{"href":"https:\/\/massagesadeuxmains.fr\/index.php?rest_route=\/wp\/v2\/pages\/111","targetHints":{"allow":["GET"]}}],"collection":[{"href":"https:\/\/massagesadeuxmains.fr\/index.php?rest_route=\/wp\/v2\/pages"}],"about":[{"href":"https:\/\/massagesadeuxmains.fr\/index.php?rest_route=\/wp\/v2\/types\/page"}],"author":[{"embeddable":true,"href":"https:\/\/massagesadeuxmains.fr\/index.php?rest_route=\/wp\/v2\/users\/1"}],"replies":[{"embeddable":true,"href":"https:\/\/massagesadeuxmains.fr\/index.php?rest_route=%2Fwp%2Fv2%2Fcomments&post=111"}],"version-history":[{"count":6,"href":"https:\/\/massagesadeuxmains.fr\/index.php?rest_route=\/wp\/v2\/pages\/111\/revisions"}],"predecessor-version":[{"id":137,"href":"https:\/\/massagesadeuxmains.fr\/index.php?rest_route=\/wp\/v2\/pages\/111\/revisions\/137"}],"wp:attachment":[{"href":"https:\/\/massagesadeuxmains.fr\/index.php?rest_route=%2Fwp%2Fv2%2Fmedia&parent=111"}],"curies":[{"name":"wp","href":"https:\/\/api.w.org\/{rel}","templated":true}]}}